{"id":33,"date":"2021-12-09T10:37:29","date_gmt":"2021-12-09T09:37:29","guid":{"rendered":"https:\/\/roxtech.cz\/?page_id=33"},"modified":"2021-12-28T15:09:01","modified_gmt":"2021-12-28T14:09:01","slug":"kariera","status":"publish","type":"page","link":"https:\/\/roxtech.cz\/?page_id=33","title":{"rendered":"Kari\u00e9ra"},"content":{"rendered":"<div class=\"wpb-content-wrapper\"><p>[vc_row unlock_row_content=&#8220;yes&#8220; row_height_percent=&#8220;21&#8243; back_color=&#8220;color-147578&#8243; back_image=&#8220;126&#8243; back_position=&#8220;center center&#8220; parallax=&#8220;yes&#8220; kburns=&#8220;yes&#8220; overlay_color=&#8220;color-167162&#8243; overlay_alpha=&#8220;50&#8243; overlay_color_blend=&#8220;multiply&#8220; gutter_size=&#8220;3&#8243; column_width_percent=&#8220;100&#8243; shift_y=&#8220;0&#8243; z_index=&#8220;0&#8243; uncode_shortcode_id=&#8220;237327&#8243; back_color_type=&#8220;uncode-palette&#8220; overlay_color_type=&#8220;uncode-palette&#8220;][vc_column width=&#8220;1\/1&#8243;][\/vc_column][\/vc_row][vc_row][vc_column column_width_percent=&#8220;100&#8243; align_horizontal=&#8220;align_center&#8220; gutter_size=&#8220;3&#8243; overlay_alpha=&#8220;50&#8243; shift_x=&#8220;0&#8243; shift_y=&#8220;0&#8243; shift_y_down=&#8220;0&#8243; z_index=&#8220;0&#8243; medium_width=&#8220;0&#8243; mobile_width=&#8220;0&#8243; width=&#8220;1\/1&#8243; uncode_shortcode_id=&#8220;151283&#8243;][vc_custom_heading text_color=&#8220;color-147578&#8243; text_weight=&#8220;800&#8243; text_transform=&#8220;uppercase&#8220; separator=&#8220;yes&#8220; separator_color=&#8220;yes&#8220; css_animation=&#8220;bottom-t-top&#8220; animation_speed=&#8220;1000&#8243; uncode_shortcode_id=&#8220;172909&#8243; text_color_type=&#8220;uncode-palette&#8220; subheading=&#8220;V sou\u010dasn\u00e9 dob\u011b nab\u00edz\u00edme tyto voln\u00e9 pracovn\u00ed pozice.&#8220;]Kari\u00e9ra[\/vc_custom_heading][uncode_index el_id=&#8220;index-975704645&#8243; loop=&#8220;size:99|order_by:date|order:DESC|post_type:post|taxonomy_count:10&#8243; gutter_size=&#8220;2&#8243; post_items=&#8220;title,sep-one|full,text|full,spacer_two|one,link|circle|default_size|V\u00edce o pozici&#8220; screen_lg=&#8220;1000&#8243; screen_md=&#8220;600&#8243; screen_sm=&#8220;480&#8243; single_back_color=&#8220;color-125562&#8243; single_shape=&#8220;round&#8220; single_overlay_color=&#8220;color-147578&#8243; single_overlay_opacity=&#8220;50&#8243; single_h_align_mobile=&#8220;center&#8220; single_padding=&#8220;3&#8243; single_title_dimension=&#8220;h4&#8243; single_title_transform=&#8220;capitalize&#8220; single_border=&#8220;yes&#8220; single_css_animation=&#8220;zoom-in&#8220; single_animation_delay=&#8220;200&#8243; custom_order=&#8220;yes&#8220; footer_position=&#8220;left&#8220; single_no_background=&#8220;yes&#8220; title=&#8220;News&#8220; single_icon=&#8220;fa fa-plus2&#8243; order_ids=&#8220;4252,4247,4193,4231,20518,4233&#8243; uncode_shortcode_id=&#8220;135004&#8243;][\/vc_column][\/vc_row][vc_row row_height_percent=&#8220;0&#8243; override_padding=&#8220;yes&#8220; h_padding=&#8220;2&#8243; top_padding=&#8220;0&#8243; bottom_padding=&#8220;5&#8243; overlay_alpha=&#8220;50&#8243; gutter_size=&#8220;3&#8243; column_width_percent=&#8220;100&#8243; shift_y=&#8220;0&#8243; z_index=&#8220;0&#8243; uncode_shortcode_id=&#8220;197266&#8243;][vc_column column_width_percent=&#8220;100&#8243; gutter_size=&#8220;4&#8243; overlay_alpha=&#8220;50&#8243; shift_x=&#8220;0&#8243; shift_y=&#8220;0&#8243; shift_y_down=&#8220;0&#8243; z_index=&#8220;0&#8243; medium_width=&#8220;0&#8243; mobile_width=&#8220;0&#8243; width=&#8220;1\/1&#8243;][vc_row_inner row_inner_height_percent=&#8220;0&#8243; overlay_alpha=&#8220;50&#8243; equal_height=&#8220;yes&#8220; gutter_size=&#8220;3&#8243; shift_y=&#8220;0&#8243; z_index=&#8220;0&#8243; limit_content=&#8220;&#8220; uncode_shortcode_id=&#8220;117277&#8243;][vc_column_inner column_width_percent=&#8220;100&#8243; gutter_size=&#8220;3&#8243; overlay_alpha=&#8220;50&#8243; shift_x=&#8220;0&#8243; shift_y=&#8220;0&#8243; shift_y_down=&#8220;0&#8243; z_index=&#8220;0&#8243; medium_width=&#8220;0&#8243; mobile_width=&#8220;0&#8243; css_animation=&#8220;alpha-anim&#8220; animation_speed=&#8220;1000&#8243; sticky=&#8220;yes&#8220; width=&#8220;1\/4&#8243; uncode_shortcode_id=&#8220;865336&#8243;][vc_single_image media=&#8220;128&#8243; media_width_percent=&#8220;100&#8243; uncode_shortcode_id=&#8220;106518&#8243;][vc_empty_space empty_h=&#8220;2&#8243; mobile_visibility=&#8220;yes&#8220;][\/vc_column_inner][vc_column_inner column_width_percent=&#8220;100&#8243; gutter_size=&#8220;3&#8243; override_padding=&#8220;yes&#8220; column_padding=&#8220;2&#8243; back_color=&#8220;color-125562&#8243; overlay_alpha=&#8220;50&#8243; shift_x=&#8220;0&#8243; shift_y=&#8220;0&#8243; shift_y_down=&#8220;0&#8243; z_index=&#8220;0&#8243; medium_width=&#8220;0&#8243; mobile_width=&#8220;0&#8243; css_animation=&#8220;alpha-anim&#8220; animation_speed=&#8220;1000&#8243; width=&#8220;3\/4&#8243; uncode_shortcode_id=&#8220;752072&#8243; back_color_type=&#8220;uncode-palette&#8220;][vc_custom_heading text_color=&#8220;color-167162&#8243; heading_semantic=&#8220;h6&#8243; text_size=&#8220;h3&#8243; text_weight=&#8220;800&#8243; uncode_shortcode_id=&#8220;133598&#8243; text_color_type=&#8220;uncode-palette&#8220;]Cht\u011bli by jste u n\u00e1s pracovat?<br \/>\nNapi\u0161te n\u00e1m, ozveme se.[\/vc_custom_heading]\n<div class=\"wpcf7 no-js\" id=\"wpcf7-f18-o1\" lang=\"en-US\" dir=\"ltr\" data-wpcf7-id=\"18\">\n<div class=\"screen-reader-response\"><p role=\"status\" aria-live=\"polite\" aria-atomic=\"true\"><\/p> <ul><\/ul><\/div>\n<form action=\"\/index.php?rest_route=%2Fwp%2Fv2%2Fpages%2F33#wpcf7-f18-o1\" method=\"post\" class=\"wpcf7-form init\" aria-label=\"Contact form\" novalidate=\"novalidate\" data-status=\"init\">\n<fieldset class=\"hidden-fields-container\"><input type=\"hidden\" name=\"_wpcf7\" value=\"18\" \/><input type=\"hidden\" name=\"_wpcf7_version\" value=\"6.1.5\" \/><input type=\"hidden\" name=\"_wpcf7_locale\" value=\"en_US\" \/><input type=\"hidden\" name=\"_wpcf7_unit_tag\" value=\"wpcf7-f18-o1\" \/><input type=\"hidden\" name=\"_wpcf7_container_post\" value=\"0\" \/><input type=\"hidden\" name=\"_wpcf7_posted_data_hash\" value=\"\" \/>\n<\/fieldset>\n<div class=\"wpcf7-inline-wrapper\">\n\t<p class=\"wpcf7-inline-field\"><span class=\"wpcf7-form-control-wrap\" data-name=\"your-firstname\"><input size=\"40\" maxlength=\"400\" class=\"wpcf7-form-control wpcf7-text wpcf7-validates-as-required\" aria-required=\"true\" aria-invalid=\"false\" placeholder=\"Jm\u00e9no\" value=\"\" type=\"text\" name=\"your-firstname\" \/><\/span>\n\t<\/p>\n\t<p class=\"wpcf7-inline-field\"><span class=\"wpcf7-form-control-wrap\" data-name=\"your-lastname\"><input size=\"40\" maxlength=\"400\" class=\"wpcf7-form-control wpcf7-text wpcf7-validates-as-required\" aria-required=\"true\" aria-invalid=\"false\" placeholder=\"P\u0159ijmen\u00ed\" value=\"\" type=\"text\" name=\"your-lastname\" \/><\/span>\n\t<\/p>\n<\/div>\n<div class=\"wpcf7-inline-wrapper\">\n\t<p class=\"wpcf7-inline-field\"><span class=\"wpcf7-form-control-wrap\" data-name=\"your-email\"><input size=\"40\" maxlength=\"400\" class=\"wpcf7-form-control wpcf7-email wpcf7-validates-as-required wpcf7-text wpcf7-validates-as-email\" aria-required=\"true\" aria-invalid=\"false\" placeholder=\"Email\" value=\"\" type=\"email\" name=\"your-email\" \/><\/span>\n\t<\/p>\n\t<p class=\"wpcf7-inline-field\"><span class=\"wpcf7-form-control-wrap\" data-name=\"your-website\"><input size=\"40\" maxlength=\"400\" class=\"wpcf7-form-control wpcf7-text\" aria-invalid=\"false\" placeholder=\"Telefon\" value=\"\" type=\"text\" name=\"your-website\" \/><\/span>\n\t<\/p>\n<\/div>\n<p><span class=\"wpcf7-form-control-wrap\" data-name=\"your-message\"><textarea cols=\"40\" rows=\"10\" maxlength=\"2000\" class=\"wpcf7-form-control wpcf7-textarea\" aria-invalid=\"false\" placeholder=\"Zpr\u00e1va\" name=\"your-message\"><\/textarea><\/span>\n<\/p>\n<p><span class=\"wpcf7-form-control-wrap\" data-name=\"accept-this-1\"><span class=\"wpcf7-form-control wpcf7-acceptance\"><span class=\"wpcf7-list-item\"><label><input type=\"checkbox\" name=\"accept-this-1\" value=\"1\" aria-invalid=\"false\" \/><span class=\"wpcf7-list-item-label\">Souhlas\u00edm s podm\u00ednkami (<a href=\"https:\/\/roxtech.cz\/?page_id=3\">Z\u00e1sady ochrany osobn\u00edch \u00fadaj\u016f<\/a>)<\/span><\/label><\/span><\/span><\/span>\n<\/p>\n<p><input class=\"wpcf7-form-control wpcf7-submit has-spinner btn btn-accent btn-block\" type=\"submit\" value=\"ODESLAT\" \/>\n<\/p><div class=\"wpcf7-response-output\" aria-hidden=\"true\"><\/div>\n<\/form>\n<\/div>\n[\/vc_column_inner][\/vc_row_inner][\/vc_column][\/vc_row]<\/p>\n<\/div>","protected":false},"excerpt":{"rendered":"<p>[vc_row unlock_row_content=&#8220;yes&#8220; row_height_percent=&#8220;21&#8243; back_color=&#8220;color-147578&#8243; back_image=&#8220;126&#8243; back_position=&#8220;center center&#8220; parallax=&#8220;yes&#8220; kburns=&#8220;yes&#8220; overlay_color=&#8220;color-167162&#8243; overlay_alpha=&#8220;50&#8243; overlay_color_blend=&#8220;multiply&#8220; gutter_size=&#8220;3&#8243; column_width_percent=&#8220;100&#8243; shift_y=&#8220;0&#8243; z_index=&#8220;0&#8243; uncode_shortcode_id=&#8220;237327&#8243; back_color_type=&#8220;uncode-palette&#8220; overlay_color_type=&#8220;uncode-palette&#8220;][vc_column width=&#8220;1\/1&#8243;][\/vc_column][\/vc_row][vc_row][vc_column [&hellip;]<\/p>\n","protected":false},"author":1,"featured_media":0,"parent":0,"menu_order":0,"comment_status":"closed","ping_status":"closed","template":"","meta":{"footnotes":""},"class_list":["post-33","page","type-page","status-publish","hentry"],"yoast_head":"<!-- This site is optimized with the Yoast SEO plugin v27.4 - https:\/\/yoast.com\/product\/yoast-seo-wordpress\/ -->\n<title>Kari\u00e9ra - Roxtech<\/title>\n<meta name=\"robots\" content=\"index, follow, max-snippet:-1, max-image-preview:large, max-video-preview:-1\" \/>\n<link rel=\"canonical\" href=\"https:\/\/roxtech.cz\/?page_id=33\" \/>\n<meta property=\"og:locale\" content=\"cs_CZ\" \/>\n<meta property=\"og:type\" content=\"article\" \/>\n<meta property=\"og:title\" content=\"Kari\u00e9ra - Roxtech\" \/>\n<meta property=\"og:description\" content=\"[vc_row unlock_row_content=&#8220;yes&#8220; row_height_percent=&#8220;21&#8243; back_color=&#8220;color-147578&#8243; back_image=&#8220;126&#8243; back_position=&#8220;center center&#8220; parallax=&#8220;yes&#8220; kburns=&#8220;yes&#8220; overlay_color=&#8220;color-167162&#8243; overlay_alpha=&#8220;50&#8243; overlay_color_blend=&#8220;multiply&#8220; gutter_size=&#8220;3&#8243; column_width_percent=&#8220;100&#8243; shift_y=&#8220;0&#8243; z_index=&#8220;0&#8243; uncode_shortcode_id=&#8220;237327&#8243; back_color_type=&#8220;uncode-palette&#8220; overlay_color_type=&#8220;uncode-palette&#8220;][vc_column width=&#8220;1\/1&#8243;][\/vc_column][\/vc_row][vc_row][vc_column [&hellip;]\" \/>\n<meta property=\"og:url\" content=\"https:\/\/roxtech.cz\/?page_id=33\" \/>\n<meta property=\"og:site_name\" content=\"Roxtech\" \/>\n<meta property=\"article:modified_time\" content=\"2021-12-28T14:09:01+00:00\" \/>\n<meta name=\"twitter:card\" content=\"summary_large_image\" \/>\n<meta name=\"twitter:label1\" content=\"Odhadovan\u00e1 doba \u010dten\u00ed\" \/>\n\t<meta name=\"twitter:data1\" content=\"2 minuty\" \/>\n<script type=\"application\/ld+json\" class=\"yoast-schema-graph\">{\"@context\":\"https:\\\/\\\/schema.org\",\"@graph\":[{\"@type\":\"WebPage\",\"@id\":\"https:\\\/\\\/roxtech.cz\\\/?page_id=33\",\"url\":\"https:\\\/\\\/roxtech.cz\\\/?page_id=33\",\"name\":\"Kari\u00e9ra - Roxtech\",\"isPartOf\":{\"@id\":\"https:\\\/\\\/roxtech.cz\\\/#website\"},\"datePublished\":\"2021-12-09T09:37:29+00:00\",\"dateModified\":\"2021-12-28T14:09:01+00:00\",\"breadcrumb\":{\"@id\":\"https:\\\/\\\/roxtech.cz\\\/?page_id=33#breadcrumb\"},\"inLanguage\":\"cs\",\"potentialAction\":[{\"@type\":\"ReadAction\",\"target\":[\"https:\\\/\\\/roxtech.cz\\\/?page_id=33\"]}]},{\"@type\":\"BreadcrumbList\",\"@id\":\"https:\\\/\\\/roxtech.cz\\\/?page_id=33#breadcrumb\",\"itemListElement\":[{\"@type\":\"ListItem\",\"position\":1,\"name\":\"Dom\u016f\",\"item\":\"https:\\\/\\\/roxtech.cz\\\/\"},{\"@type\":\"ListItem\",\"position\":2,\"name\":\"Kari\u00e9ra\"}]},{\"@type\":\"WebSite\",\"@id\":\"https:\\\/\\\/roxtech.cz\\\/#website\",\"url\":\"https:\\\/\\\/roxtech.cz\\\/\",\"name\":\"Roxtech\",\"description\":\"autorizovan\u00fd servis Wrent, Siat, Ampara\",\"potentialAction\":[{\"@type\":\"SearchAction\",\"target\":{\"@type\":\"EntryPoint\",\"urlTemplate\":\"https:\\\/\\\/roxtech.cz\\\/?s={search_term_string}\"},\"query-input\":{\"@type\":\"PropertyValueSpecification\",\"valueRequired\":true,\"valueName\":\"search_term_string\"}}],\"inLanguage\":\"cs\"}]}<\/script>\n<!-- \/ Yoast SEO plugin. -->","yoast_head_json":{"title":"Kari\u00e9ra - Roxtech","robots":{"index":"index","follow":"follow","max-snippet":"max-snippet:-1","max-image-preview":"max-image-preview:large","max-video-preview":"max-video-preview:-1"},"canonical":"https:\/\/roxtech.cz\/?page_id=33","og_locale":"cs_CZ","og_type":"article","og_title":"Kari\u00e9ra - Roxtech","og_description":"[vc_row unlock_row_content=&#8220;yes&#8220; row_height_percent=&#8220;21&#8243; back_color=&#8220;color-147578&#8243; back_image=&#8220;126&#8243; back_position=&#8220;center center&#8220; parallax=&#8220;yes&#8220; kburns=&#8220;yes&#8220; overlay_color=&#8220;color-167162&#8243; overlay_alpha=&#8220;50&#8243; overlay_color_blend=&#8220;multiply&#8220; gutter_size=&#8220;3&#8243; column_width_percent=&#8220;100&#8243; shift_y=&#8220;0&#8243; z_index=&#8220;0&#8243; uncode_shortcode_id=&#8220;237327&#8243; back_color_type=&#8220;uncode-palette&#8220; overlay_color_type=&#8220;uncode-palette&#8220;][vc_column width=&#8220;1\/1&#8243;][\/vc_column][\/vc_row][vc_row][vc_column [&hellip;]","og_url":"https:\/\/roxtech.cz\/?page_id=33","og_site_name":"Roxtech","article_modified_time":"2021-12-28T14:09:01+00:00","twitter_card":"summary_large_image","twitter_misc":{"Odhadovan\u00e1 doba \u010dten\u00ed":"2 minuty"},"schema":{"@context":"https:\/\/schema.org","@graph":[{"@type":"WebPage","@id":"https:\/\/roxtech.cz\/?page_id=33","url":"https:\/\/roxtech.cz\/?page_id=33","name":"Kari\u00e9ra - Roxtech","isPartOf":{"@id":"https:\/\/roxtech.cz\/#website"},"datePublished":"2021-12-09T09:37:29+00:00","dateModified":"2021-12-28T14:09:01+00:00","breadcrumb":{"@id":"https:\/\/roxtech.cz\/?page_id=33#breadcrumb"},"inLanguage":"cs","potentialAction":[{"@type":"ReadAction","target":["https:\/\/roxtech.cz\/?page_id=33"]}]},{"@type":"BreadcrumbList","@id":"https:\/\/roxtech.cz\/?page_id=33#breadcrumb","itemListElement":[{"@type":"ListItem","position":1,"name":"Dom\u016f","item":"https:\/\/roxtech.cz\/"},{"@type":"ListItem","position":2,"name":"Kari\u00e9ra"}]},{"@type":"WebSite","@id":"https:\/\/roxtech.cz\/#website","url":"https:\/\/roxtech.cz\/","name":"Roxtech","description":"autorizovan\u00fd servis Wrent, Siat, Ampara","potentialAction":[{"@type":"SearchAction","target":{"@type":"EntryPoint","urlTemplate":"https:\/\/roxtech.cz\/?s={search_term_string}"},"query-input":{"@type":"PropertyValueSpecification","valueRequired":true,"valueName":"search_term_string"}}],"inLanguage":"cs"}]}},"_links":{"self":[{"href":"https:\/\/roxtech.cz\/index.php?rest_route=\/wp\/v2\/pages\/33","targetHints":{"allow":["GET"]}}],"collection":[{"href":"https:\/\/roxtech.cz\/index.php?rest_route=\/wp\/v2\/pages"}],"about":[{"href":"https:\/\/roxtech.cz\/index.php?rest_route=\/wp\/v2\/types\/page"}],"author":[{"embeddable":true,"href":"https:\/\/roxtech.cz\/index.php?rest_route=\/wp\/v2\/users\/1"}],"replies":[{"embeddable":true,"href":"https:\/\/roxtech.cz\/index.php?rest_route=%2Fwp%2Fv2%2Fcomments&post=33"}],"version-history":[{"count":19,"href":"https:\/\/roxtech.cz\/index.php?rest_route=\/wp\/v2\/pages\/33\/revisions"}],"predecessor-version":[{"id":290,"href":"https:\/\/roxtech.cz\/index.php?rest_route=\/wp\/v2\/pages\/33\/revisions\/290"}],"wp:attachment":[{"href":"https:\/\/roxtech.cz\/index.php?rest_route=%2Fwp%2Fv2%2Fmedia&parent=33"}],"curies":[{"name":"wp","href":"https:\/\/api.w.org\/{rel}","templated":true}]}}